{"id":132,"date":"2024-07-09T19:33:28","date_gmt":"2024-07-09T19:33:28","guid":{"rendered":"https:\/\/solar2.acdccontractinginc.com\/?page_id=132"},"modified":"2026-03-09T13:57:43","modified_gmt":"2026-03-09T12:57:43","slug":"about-us","status":"publish","type":"page","link":"https:\/\/www.oberhauser-pv.de\/en\/about-us\/","title":{"rendered":"About"},"content":{"rendered":"<div data-elementor-type=\"wp-page\" data-elementor-id=\"132\" class=\"elementor elementor-132\" data-elementor-post-type=\"page\">\n\t\t\t\t\t\t<section class=\"elementor-section elementor-top-section elementor-element elementor-element-da39b86 elementor-section-height-min-height elementor-section-boxed elementor-section-height-default elementor-section-items-middle\" data-id=\"da39b86\" data-element_type=\"section\" data-e-type=\"section\" data-settings=\"{&quot;background_background&quot;:&quot;classic&quot;}\">\n\t\t\t\t\t\t\t<div class=\"elementor-background-overlay\"><\/div>\n\t\t\t\t\t\t\t<div class=\"elementor-container elementor-column-gap-default\">\n\t\t\t\t\t<div class=\"elementor-column elementor-col-100 elementor-top-column elementor-element elementor-element-2658d9f\" data-id=\"2658d9f\" data-element_type=\"column\" data-e-type=\"column\">\n\t\t\t<div class=\"elementor-widget-wrap elementor-element-populated\">\n\t\t\t\t\t\t<div class=\"elementor-element elementor-element-3436970 elementor-widget elementor-widget-heading\" data-id=\"3436970\" data-element_type=\"widget\" data-e-type=\"widget\" data-widget_type=\"heading.default\">\n\t\t\t\t<div class=\"elementor-widget-container\">\n\t\t\t\t\t<h2 class=\"elementor-heading-title elementor-size-default\">About Us<\/h2>\t\t\t\t<\/div>\n\t\t\t\t<\/div>\n\t\t\t\t\t<\/div>\n\t\t<\/div>\n\t\t\t\t\t<\/div>\n\t\t<\/section>\n\t\t\t\t<section class=\"elementor-section elementor-top-section elementor-element elementor-element-97cbeda elementor-section-boxed elementor-section-height-default elementor-section-height-default\" data-id=\"97cbeda\" data-element_type=\"section\" data-e-type=\"section\">\n\t\t\t\t\t\t<div class=\"elementor-container elementor-column-gap-default\">\n\t\t\t\t\t<div class=\"elementor-column elementor-col-50 elementor-top-column elementor-element elementor-element-4b339eb\" data-id=\"4b339eb\" data-element_type=\"column\" data-e-type=\"column\" data-settings=\"{&quot;background_background&quot;:&quot;classic&quot;}\">\n\t\t\t<div class=\"elementor-widget-wrap\">\n\t\t\t\t\t\t\t<\/div>\n\t\t<\/div>\n\t\t\t\t<div class=\"elementor-column elementor-col-50 elementor-top-column elementor-element elementor-element-a6f5123\" data-id=\"a6f5123\" data-element_type=\"column\" data-e-type=\"column\">\n\t\t\t<div class=\"elementor-widget-wrap elementor-element-populated\">\n\t\t\t\t\t\t<div class=\"elementor-element elementor-element-826a33b elementor-widget elementor-widget-heading\" data-id=\"826a33b\" data-element_type=\"widget\" data-e-type=\"widget\" data-widget_type=\"heading.default\">\n\t\t\t\t<div class=\"elementor-widget-container\">\n\t\t\t\t\t<h2 class=\"elementor-heading-title elementor-size-default\">Half a century of innovation, stability and experience\n<\/h2>\t\t\t\t<\/div>\n\t\t\t\t<\/div>\n\t\t\t\t<div class=\"elementor-element elementor-element-e0ba3d9 elementor-widget elementor-widget-text-editor\" data-id=\"e0ba3d9\" data-element_type=\"widget\" data-e-type=\"widget\" data-widget_type=\"text-editor.default\">\n\t\t\t\t<div class=\"elementor-widget-container\">\n\t\t\t\t\t\t\t\t\t<p class=\"translation-block\">Oberhauser Bau-Systeme GmbH has been among the specialists in glass construction, patio roofing systems and PV mounting systems since the 1950s.<\/p>\n<p>In particular, the PV mounting systems division has driven strong international growth since 2006, enabling the company to develop into a globally sought-after system manufacturer.<\/p>\n<p class=\"translation-block\">A broad product portfolio, high-quality materials and dedicated employees ensure the company\u2019s long-term, stable success in the market.<\/p>\n<p class=\"translation-block\">By 2026, with several hundred megawatts of installed PV systems, Oberhauser is a reliable partner for nearly 2,000 customers worldwide.<\/p>\t\t\t\t\t\t\t\t<\/div>\n\t\t\t\t<\/div>\n\t\t\t\t\t<\/div>\n\t\t<\/div>\n\t\t\t\t\t<\/div>\n\t\t<\/section>\n\t\t\t\t<\/div>","protected":false},"excerpt":{"rendered":"<p>\u00dcber Uns Ein halbes Jahrhundert Innovation, Stabilit\u00e4t und Erfahrung Die Oberhauser Bau-Systeme GmbH z\u00e4hlt seit den 1950er Jahren zu den Spezialisten f\u00fcr die Bereiche Glasbau, Terrassend\u00e4cher und PV\u2013Montagesysteme. Vor allem der Bereich der PV-Montagesysteme f\u00fchrte ab 2006 zu gro\u00dfem internationalem Erfolg und lie\u00df das Unternehmen zu einem weltweit gefragten Systemhersteller heranwachsen. Das breite Produktspektrum, die [&hellip;]<\/p>\n","protected":false},"author":1,"featured_media":0,"parent":0,"menu_order":0,"comment_status":"closed","ping_status":"closed","template":"elementor_header_footer","meta":{"footnotes":""},"hf_cat_page":[],"class_list":["post-132","page","type-page","status-publish","hentry"],"_links":{"self":[{"href":"https:\/\/www.oberhauser-pv.de\/en\/wp-json\/wp\/v2\/pages\/132","targetHints":{"allow":["GET"]}}],"collection":[{"href":"https:\/\/www.oberhauser-pv.de\/en\/wp-json\/wp\/v2\/pages"}],"about":[{"href":"https:\/\/www.oberhauser-pv.de\/en\/wp-json\/wp\/v2\/types\/page"}],"author":[{"embeddable":true,"href":"https:\/\/www.oberhauser-pv.de\/en\/wp-json\/wp\/v2\/users\/1"}],"replies":[{"embeddable":true,"href":"https:\/\/www.oberhauser-pv.de\/en\/wp-json\/wp\/v2\/comments?post=132"}],"version-history":[{"count":85,"href":"https:\/\/www.oberhauser-pv.de\/en\/wp-json\/wp\/v2\/pages\/132\/revisions"}],"predecessor-version":[{"id":4028,"href":"https:\/\/www.oberhauser-pv.de\/en\/wp-json\/wp\/v2\/pages\/132\/revisions\/4028"}],"wp:attachment":[{"href":"https:\/\/www.oberhauser-pv.de\/en\/wp-json\/wp\/v2\/media?parent=132"}],"wp:term":[{"taxonomy":"hf_cat_page","embeddable":true,"href":"https:\/\/www.oberhauser-pv.de\/en\/wp-json\/wp\/v2\/hf_cat_page?post=132"}],"curies":[{"name":"wp","href":"https:\/\/api.w.org\/{rel}","templated":true}]}}