{"id":1592,"date":"2024-09-16T12:09:11","date_gmt":"2024-09-16T12:09:11","guid":{"rendered":"https:\/\/solar2.acdccontractinginc.com\/?page_id=1592"},"modified":"2025-09-24T17:46:06","modified_gmt":"2025-09-24T16:46:06","slug":"custom-solutions","status":"publish","type":"page","link":"https:\/\/www.oberhauser-pv.de\/en\/custom-solutions\/","title":{"rendered":"Sonderloesungen"},"content":{"rendered":"<div data-elementor-type=\"wp-page\" data-elementor-id=\"1592\" class=\"elementor elementor-1592\" data-elementor-post-type=\"page\">\n\t\t\t\t\t\t<section class=\"elementor-section elementor-top-section elementor-element elementor-element-da39b86 elementor-section-height-min-height elementor-section-boxed elementor-section-height-default elementor-section-items-middle\" data-id=\"da39b86\" data-element_type=\"section\" data-e-type=\"section\" data-settings=\"{&quot;background_background&quot;:&quot;classic&quot;}\">\n\t\t\t\t\t\t\t<div class=\"elementor-background-overlay\"><\/div>\n\t\t\t\t\t\t\t<div class=\"elementor-container elementor-column-gap-default\">\n\t\t\t\t\t<div class=\"elementor-column elementor-col-100 elementor-top-column elementor-element elementor-element-2658d9f\" data-id=\"2658d9f\" data-element_type=\"column\" data-e-type=\"column\">\n\t\t\t<div class=\"elementor-widget-wrap elementor-element-populated\">\n\t\t\t\t\t\t<div class=\"elementor-element elementor-element-3436970 elementor-widget elementor-widget-heading\" data-id=\"3436970\" data-element_type=\"widget\" data-e-type=\"widget\" data-widget_type=\"heading.default\">\n\t\t\t\t<div class=\"elementor-widget-container\">\n\t\t\t\t\t<h2 class=\"elementor-heading-title elementor-size-default\">Custom PV mounting systems &amp; special solutions<\/h2>\t\t\t\t<\/div>\n\t\t\t\t<\/div>\n\t\t\t\t\t<\/div>\n\t\t<\/div>\n\t\t\t\t\t<\/div>\n\t\t<\/section>\n\t\t\t\t<section class=\"elementor-section elementor-top-section elementor-element elementor-element-97cbeda elementor-section-boxed elementor-section-height-default elementor-section-height-default\" data-id=\"97cbeda\" data-element_type=\"section\" data-e-type=\"section\">\n\t\t\t\t\t\t<div class=\"elementor-container elementor-column-gap-default\">\n\t\t\t\t\t<div class=\"elementor-column elementor-col-50 elementor-top-column elementor-element elementor-element-a6f5123\" data-id=\"a6f5123\" data-element_type=\"column\" data-e-type=\"column\">\n\t\t\t<div class=\"elementor-widget-wrap elementor-element-populated\">\n\t\t\t\t\t\t<div class=\"elementor-element elementor-element-0362772 elementor-widget elementor-widget-heading\" data-id=\"0362772\" data-element_type=\"widget\" data-e-type=\"widget\" data-widget_type=\"heading.default\">\n\t\t\t\t<div class=\"elementor-widget-container\">\n\t\t\t\t\t<h2 class=\"elementor-heading-title elementor-size-default\">Custom solutions<\/h2>\t\t\t\t<\/div>\n\t\t\t\t<\/div>\n\t\t\t\t<div class=\"elementor-element elementor-element-e0ba3d9 elementor-widget elementor-widget-text-editor\" data-id=\"e0ba3d9\" data-element_type=\"widget\" data-e-type=\"widget\" data-widget_type=\"text-editor.default\">\n\t\t\t\t<div class=\"elementor-widget-container\">\n\t\t\t\t\t\t\t\t\tThe photovoltaic industry is experiencing a global upswing and is therefore demanding rapid further development of system components. Electrical components, for example, are being successively optimized in terms of their performance and are achieving ever higher levels of efficiency. This also changes the requirements for the carrier system.\t\t\t\t\t\t\t\t<\/div>\n\t\t\t\t<\/div>\n\t\t\t\t\t<\/div>\n\t\t<\/div>\n\t\t\t\t<div class=\"elementor-column elementor-col-50 elementor-top-column elementor-element elementor-element-9cb978d\" data-id=\"9cb978d\" data-element_type=\"column\" data-e-type=\"column\">\n\t\t\t<div class=\"elementor-widget-wrap elementor-element-populated\">\n\t\t\t\t\t\t<div class=\"elementor-element elementor-element-f62038d elementor-widget elementor-widget-image\" data-id=\"f62038d\" data-element_type=\"widget\" data-e-type=\"widget\" data-widget_type=\"image.default\">\n\t\t\t\t<div class=\"elementor-widget-container\">\n\t\t\t\t\t\t\t\t\t\t\t\t\t\t\t<img fetchpriority=\"high\" decoding=\"async\" width=\"300\" height=\"198\" src=\"data:image\/gif;base64,R0lGODlhAQABAIAAAAAAAP\/\/\/yH5BAEAAAAALAAAAAABAAEAAAIBRAA7\" data-src=\"https:\/\/www.oberhauser-pv.de\/wp-content\/uploads\/2024\/09\/produkte_dachhaken_alueasy.png\" class=\"attachment-large size-large wp-image-1599 lazyload\" alt=\"\" \/><noscript><img decoding=\"async\" width=\"300\" height=\"198\" src=\"https:\/\/www.oberhauser-pv.de\/wp-content\/uploads\/2024\/09\/produkte_dachhaken_alueasy.png\" class=\"attachment-large size-large wp-image-1599 lazyload\" alt=\"\" \/><\/noscript>\t\t\t\t\t\t\t\t\t\t\t\t\t\t\t<\/div>\n\t\t\t\t<\/div>\n\t\t\t\t\t<\/div>\n\t\t<\/div>\n\t\t\t\t\t<\/div>\n\t\t<\/section>\n\t\t\t\t<section class=\"elementor-section elementor-top-section elementor-element elementor-element-8512a61 elementor-section-boxed elementor-section-height-default elementor-section-height-default\" data-id=\"8512a61\" data-element_type=\"section\" data-e-type=\"section\">\n\t\t\t\t\t\t<div class=\"elementor-container elementor-column-gap-default\">\n\t\t\t\t\t<div class=\"elementor-column elementor-col-50 elementor-top-column elementor-element elementor-element-c772559\" data-id=\"c772559\" data-element_type=\"column\" data-e-type=\"column\">\n\t\t\t<div class=\"elementor-widget-wrap elementor-element-populated\">\n\t\t\t\t\t\t<div class=\"elementor-element elementor-element-da40ec0 elementor-widget elementor-widget-image\" data-id=\"da40ec0\" data-element_type=\"widget\" data-e-type=\"widget\" data-widget_type=\"image.default\">\n\t\t\t\t<div class=\"elementor-widget-container\">\n\t\t\t\t\t\t\t\t\t\t\t\t\t\t\t<img decoding=\"async\" width=\"483\" height=\"322\" src=\"data:image\/gif;base64,R0lGODlhAQABAIAAAAAAAP\/\/\/yH5BAEAAAAALAAAAAABAAEAAAIBRAA7\" data-src=\"https:\/\/www.oberhauser-pv.de\/wp-content\/uploads\/2024\/09\/produkte_entwicklung.jpg\" class=\"attachment-large size-large wp-image-1600 lazyload\" alt=\"Firma Oberhauser Bau-Systeme GmbH, Planung und Realisierung aus einer Hand\" data-srcset=\"https:\/\/www.oberhauser-pv.de\/wp-content\/uploads\/2024\/09\/produkte_entwicklung.jpg 483w, https:\/\/www.oberhauser-pv.de\/wp-content\/uploads\/2024\/09\/produkte_entwicklung-300x200.jpg 300w\" sizes=\"(max-width: 483px) 100vw, 483px\" \/><noscript><img loading=\"lazy\" decoding=\"async\" width=\"483\" height=\"322\" src=\"https:\/\/www.oberhauser-pv.de\/wp-content\/uploads\/2024\/09\/produkte_entwicklung.jpg\" class=\"attachment-large size-large wp-image-1600 lazyload\" alt=\"Firma Oberhauser Bau-Systeme GmbH, Planung und Realisierung aus einer Hand\" srcset=\"https:\/\/www.oberhauser-pv.de\/wp-content\/uploads\/2024\/09\/produkte_entwicklung.jpg 483w, https:\/\/www.oberhauser-pv.de\/wp-content\/uploads\/2024\/09\/produkte_entwicklung-300x200.jpg 300w\" sizes=\"(max-width: 483px) 100vw, 483px\" \/><\/noscript>\t\t\t\t\t\t\t\t\t\t\t\t\t\t\t<\/div>\n\t\t\t\t<\/div>\n\t\t\t\t\t<\/div>\n\t\t<\/div>\n\t\t\t\t<div class=\"elementor-column elementor-col-50 elementor-top-column elementor-element elementor-element-1d146f8\" data-id=\"1d146f8\" data-element_type=\"column\" data-e-type=\"column\">\n\t\t\t<div class=\"elementor-widget-wrap elementor-element-populated\">\n\t\t\t\t\t\t<div class=\"elementor-element elementor-element-7e4ec59 elementor-widget elementor-widget-text-editor\" data-id=\"7e4ec59\" data-element_type=\"widget\" data-e-type=\"widget\" data-widget_type=\"text-editor.default\">\n\t\t\t\t<div class=\"elementor-widget-container\">\n\t\t\t\t\t\t\t\t\t<div class=\"vc_row wpb_row section vc_row-fluid\"><div class=\"full_section_inner clearfix\"><div class=\"wpb_column vc_column_container vc_col-sm-12\"><div class=\"vc_column-inner\"><div class=\"wpb_wrapper\"><div class=\"vc_row wpb_row vc_inner section vc_row-fluid grid_section\"><div class=\"section_inner clearfix\"><div class=\"section_inner_margin clearfix\"><div class=\"wpb_column vc_column_container vc_col-sm-6\"><div class=\"vc_column-inner\"><div class=\"wpb_wrapper\"><div class=\"wpb_text_column wpb_content_element\"><div class=\"wpb_wrapper\"><p>In order to meet the demand for special solutions and to be able to offer a wide range of products in the future, Oberhauser Bau-Systeme GmbH has an in-house development department as well as a fully equipped metalworking shop.<\/p><\/div><\/div><\/div><\/div><\/div><\/div><\/div><\/div><\/div><\/div><\/div><\/div><\/div>\t\t\t\t\t\t\t\t<\/div>\n\t\t\t\t<\/div>\n\t\t\t\t\t<\/div>\n\t\t<\/div>\n\t\t\t\t\t<\/div>\n\t\t<\/section>\n\t\t\t\t<section class=\"elementor-section elementor-top-section elementor-element elementor-element-76ec6c9 elementor-section-boxed elementor-section-height-default elementor-section-height-default\" data-id=\"76ec6c9\" data-element_type=\"section\" data-e-type=\"section\">\n\t\t\t\t\t\t<div class=\"elementor-container elementor-column-gap-default\">\n\t\t\t\t\t<div class=\"elementor-column elementor-col-50 elementor-top-column elementor-element elementor-element-d95e3f8\" data-id=\"d95e3f8\" data-element_type=\"column\" data-e-type=\"column\">\n\t\t\t<div class=\"elementor-widget-wrap elementor-element-populated\">\n\t\t\t\t\t\t<div class=\"elementor-element elementor-element-427f121 elementor-widget elementor-widget-text-editor\" data-id=\"427f121\" data-element_type=\"widget\" data-e-type=\"widget\" data-widget_type=\"text-editor.default\">\n\t\t\t\t<div class=\"elementor-widget-container\">\n\t\t\t\t\t\t\t\t\tIn close cooperation with our engineers and technicians, we are constantly developing improvements and new solutions. Decades of experience in the trade and the vision of realizing a financially attractive and easy-to-install system help us to do this.\t\t\t\t\t\t\t\t<\/div>\n\t\t\t\t<\/div>\n\t\t\t\t\t<\/div>\n\t\t<\/div>\n\t\t\t\t<div class=\"elementor-column elementor-col-50 elementor-top-column elementor-element elementor-element-8c90773\" data-id=\"8c90773\" data-element_type=\"column\" data-e-type=\"column\">\n\t\t\t<div class=\"elementor-widget-wrap elementor-element-populated\">\n\t\t\t\t\t\t<div class=\"elementor-element elementor-element-93be28d elementor-widget elementor-widget-image\" data-id=\"93be28d\" data-element_type=\"widget\" data-e-type=\"widget\" data-widget_type=\"image.default\">\n\t\t\t\t<div class=\"elementor-widget-container\">\n\t\t\t\t\t\t\t\t\t\t\t\t\t\t\t<img loading=\"lazy\" decoding=\"async\" width=\"483\" height=\"337\" src=\"data:image\/gif;base64,R0lGODlhAQABAIAAAAAAAP\/\/\/yH5BAEAAAAALAAAAAABAAEAAAIBRAA7\" data-src=\"https:\/\/www.oberhauser-pv.de\/wp-content\/uploads\/2024\/09\/produkte_produktion1.png\" class=\"attachment-large size-large wp-image-1601 lazyload\" alt=\"Eigene Fertigung von PV, Wintergarten, Systeme, Produktion Firma Oberhauser Bau-Systeme GmbH\" data-srcset=\"https:\/\/www.oberhauser-pv.de\/wp-content\/uploads\/2024\/09\/produkte_produktion1.png 483w, https:\/\/www.oberhauser-pv.de\/wp-content\/uploads\/2024\/09\/produkte_produktion1-300x209.png 300w\" sizes=\"(max-width: 483px) 100vw, 483px\" \/><noscript><img loading=\"lazy\" decoding=\"async\" width=\"483\" height=\"337\" src=\"https:\/\/www.oberhauser-pv.de\/wp-content\/uploads\/2024\/09\/produkte_produktion1.png\" class=\"attachment-large size-large wp-image-1601 lazyload\" alt=\"Eigene Fertigung von PV, Wintergarten, Systeme, Produktion Firma Oberhauser Bau-Systeme GmbH\" srcset=\"https:\/\/www.oberhauser-pv.de\/wp-content\/uploads\/2024\/09\/produkte_produktion1.png 483w, https:\/\/www.oberhauser-pv.de\/wp-content\/uploads\/2024\/09\/produkte_produktion1-300x209.png 300w\" sizes=\"(max-width: 483px) 100vw, 483px\" \/><\/noscript>\t\t\t\t\t\t\t\t\t\t\t\t\t\t\t<\/div>\n\t\t\t\t<\/div>\n\t\t\t\t\t<\/div>\n\t\t<\/div>\n\t\t\t\t\t<\/div>\n\t\t<\/section>\n\t\t\t\t<section class=\"elementor-section elementor-top-section elementor-element elementor-element-dcf0416 elementor-section-boxed elementor-section-height-default elementor-section-height-default\" data-id=\"dcf0416\" data-element_type=\"section\" data-e-type=\"section\">\n\t\t\t\t\t\t<div class=\"elementor-container elementor-column-gap-default\">\n\t\t\t\t\t<div class=\"elementor-column elementor-col-100 elementor-top-column elementor-element elementor-element-9760764\" data-id=\"9760764\" data-element_type=\"column\" data-e-type=\"column\">\n\t\t\t<div class=\"elementor-widget-wrap elementor-element-populated\">\n\t\t\t\t\t\t<div class=\"elementor-element elementor-element-59c545b elementor-widget elementor-widget-text-editor\" data-id=\"59c545b\" data-element_type=\"widget\" data-e-type=\"widget\" data-widget_type=\"text-editor.default\">\n\t\t\t\t<div class=\"elementor-widget-container\">\n\t\t\t\t\t\t\t\t\t<h1>PV special solutions: custom mounting substructures<\/h1><p>We design and manufacture bespoke PV mounting substructures in steel and aluminum for demanding geometries, exceptional load cases, and specialised applications. From verifiable structural calculations through design and fabrication to installation and documentation, you receive a project-specific solution from a single source.<\/p><h2>Typical applications<\/h2><p>Agri-PV with defined clearance and light transmission, solar carports and canopies, ground-mount with special tilt angles, elevated rows, grade changes, retrofit of existing assets, and project-specific nonstandard geometries.<\/p><h2>Scope of services<\/h2><p>Consulting and system planning, structural design for wind and snow loads including a verifiable report, design and fabrication (EN 1090, CE), foundations (driven piles, screw piles, concrete), corrosion protection (hot-dip galvanised, powder-coated, anodised), logistics, Europe-wide installation, quality assurance, and as-built documentation.<\/p><h2>Benefits of a custom solution<\/h2><p>Tailored structural design, short installation times through pre-assembled subassemblies, clear part marking, optimised material usage, and predictable project costs\u2014delivering durable, stable, and low-maintenance structures.<\/p><h2>FAQ<\/h2><h3>When is a special solution the right choice<\/h3><p>When standard racking does not fit geometrically, higher loads apply, challenging soil conditions exist, or additional requirements such as clearances, light fields, or connections to existing structures are needed.<\/p><h3>What documents do you need for a quotation<\/h3><p>Site location, preliminary layout or sketch, desired geometry, load assumptions or applicable zones, geotechnical information, and timeline. We can help compile the package.<\/p><h3>Which standards do the structures meet<\/h3><p>Manufacturing in accordance with EN 1090 (CE marking). Structural design per relevant wind and snow load zones; project-specific certifications and material test certificates available on request.<\/p><h3>Where do you offer installation services<\/h3><p>Across Europe, via in-house teams and certified partners, including surveying, site management, quality assurance, and handover protocols.<\/p><h2>Request a project<\/h2><p>Planning a PV special solution We provide efficient, standards-compliant, installation-friendly substructures\u2014including a reliable schedule and cost estimate.<\/p>\t\t\t\t\t\t\t\t<\/div>\n\t\t\t\t<\/div>\n\t\t\t\t\t<\/div>\n\t\t<\/div>\n\t\t\t\t\t<\/div>\n\t\t<\/section>\n\t\t\t\t<\/div>","protected":false},"excerpt":{"rendered":"<p>Sonderl\u00f6sungen, individuelle Montagesysteme Sonderl\u00f6sungen Die Photovoltaikbranche erf\u00e4hrt einen weltweiten Aufschwung und fordert damit einhergehend eine rasante Weiterentwicklung der Systemkomponenten. Die elektrischen Bauteile werden beispielsweise hinsichtlich ihrer Performance sukzessive optimiert und erreichen immer h\u00f6here Wirkungsgrade. Damit \u00e4ndern sich auch die Anforderungen an das Tr\u00e4gersystem. Um dem Bedarf an Sonderl\u00f6sungen gerecht zu werden und um auch in [&hellip;]<\/p>\n","protected":false},"author":1,"featured_media":0,"parent":0,"menu_order":0,"comment_status":"closed","ping_status":"closed","template":"elementor_header_footer","meta":{"footnotes":""},"class_list":["post-1592","page","type-page","status-publish","hentry"],"_links":{"self":[{"href":"https:\/\/www.oberhauser-pv.de\/en\/wp-json\/wp\/v2\/pages\/1592","targetHints":{"allow":["GET"]}}],"collection":[{"href":"https:\/\/www.oberhauser-pv.de\/en\/wp-json\/wp\/v2\/pages"}],"about":[{"href":"https:\/\/www.oberhauser-pv.de\/en\/wp-json\/wp\/v2\/types\/page"}],"author":[{"embeddable":true,"href":"https:\/\/www.oberhauser-pv.de\/en\/wp-json\/wp\/v2\/users\/1"}],"replies":[{"embeddable":true,"href":"https:\/\/www.oberhauser-pv.de\/en\/wp-json\/wp\/v2\/comments?post=1592"}],"version-history":[{"count":33,"href":"https:\/\/www.oberhauser-pv.de\/en\/wp-json\/wp\/v2\/pages\/1592\/revisions"}],"predecessor-version":[{"id":3131,"href":"https:\/\/www.oberhauser-pv.de\/en\/wp-json\/wp\/v2\/pages\/1592\/revisions\/3131"}],"wp:attachment":[{"href":"https:\/\/www.oberhauser-pv.de\/en\/wp-json\/wp\/v2\/media?parent=1592"}],"curies":[{"name":"wp","href":"https:\/\/api.w.org\/{rel}","templated":true}]}}