{"id":546,"date":"2024-07-24T19:25:30","date_gmt":"2024-07-24T19:25:30","guid":{"rendered":"https:\/\/solar2.acdccontractinginc.com\/?page_id=546"},"modified":"2025-09-24T18:43:15","modified_gmt":"2025-09-24T17:43:15","slug":"imprint","status":"publish","type":"page","link":"https:\/\/www.oberhauser-pv.de\/en\/imprint\/","title":{"rendered":"Imprint"},"content":{"rendered":"\t\t<div data-elementor-type=\"wp-page\" data-elementor-id=\"546\" class=\"elementor elementor-546\" data-elementor-post-type=\"page\">\n\t\t\t\t\t\t<section class=\"elementor-section elementor-top-section elementor-element elementor-element-da39b86 elementor-section-height-min-height elementor-section-boxed elementor-section-height-default elementor-section-items-middle\" data-id=\"da39b86\" data-element_type=\"section\" data-e-type=\"section\" data-settings=\"{&quot;background_background&quot;:&quot;classic&quot;}\">\n\t\t\t\t\t\t\t<div class=\"elementor-background-overlay\"><\/div>\n\t\t\t\t\t\t\t<div class=\"elementor-container elementor-column-gap-default\">\n\t\t\t\t\t<div class=\"elementor-column elementor-col-100 elementor-top-column elementor-element elementor-element-2658d9f\" data-id=\"2658d9f\" data-element_type=\"column\" data-e-type=\"column\">\n\t\t\t<div class=\"elementor-widget-wrap elementor-element-populated\">\n\t\t\t\t\t\t<div class=\"elementor-element elementor-element-3436970 elementor-widget elementor-widget-heading\" data-id=\"3436970\" data-element_type=\"widget\" data-e-type=\"widget\" data-widget_type=\"heading.default\">\n\t\t\t\t<div class=\"elementor-widget-container\">\n\t\t\t\t\t<h2 class=\"elementor-heading-title elementor-size-default\">Impressum<\/h2>\t\t\t\t<\/div>\n\t\t\t\t<\/div>\n\t\t\t\t\t<\/div>\n\t\t<\/div>\n\t\t\t\t\t<\/div>\n\t\t<\/section>\n\t\t\t\t<section class=\"elementor-section elementor-top-section elementor-element elementor-element-97cbeda elementor-section-boxed elementor-section-height-default elementor-section-height-default\" data-id=\"97cbeda\" data-element_type=\"section\" data-e-type=\"section\">\n\t\t\t\t\t\t<div class=\"elementor-container elementor-column-gap-default\">\n\t\t\t\t\t<div class=\"elementor-column elementor-col-100 elementor-top-column elementor-element elementor-element-a6f5123\" data-id=\"a6f5123\" data-element_type=\"column\" data-e-type=\"column\">\n\t\t\t<div class=\"elementor-widget-wrap elementor-element-populated\">\n\t\t\t\t\t\t<div class=\"elementor-element elementor-element-826a33b elementor-widget elementor-widget-heading\" data-id=\"826a33b\" data-element_type=\"widget\" data-e-type=\"widget\" data-widget_type=\"heading.default\">\n\t\t\t\t<div class=\"elementor-widget-container\">\n\t\t\t\t\t<h2 class=\"elementor-heading-title elementor-size-default\">ANGABEN GEM\u00c4\u00df \u00a7 5 TMG\n<\/h2>\t\t\t\t<\/div>\n\t\t\t\t<\/div>\n\t\t\t\t<div class=\"elementor-element elementor-element-e0ba3d9 elementor-widget elementor-widget-text-editor\" data-id=\"e0ba3d9\" data-element_type=\"widget\" data-e-type=\"widget\" data-widget_type=\"text-editor.default\">\n\t\t\t\t<div class=\"elementor-widget-container\">\n\t\t\t\t\t\t\t\t\t<p><strong>Oberhauser Bau-Systeme GmbH<\/strong><\/p><p>Rohrbach 18<br \/>84494 Niederbergkirchen<\/p><p>Tel.: +49 (0) 8635 69392- 0<br \/>Fax: +49 (0) 8635 69392-20<\/p><p>E-mail: info(at)oberhauser-pv.de<\/p><p>Amtsgericht Traunstein<br \/>HRB [ 19063 ]<br \/>USt-Id. Nr. DE [266161576]<br \/>Gesch\u00e4ftsf\u00fchrer: Andreas Oberhauser<\/p><p>Verantwortlicher gem\u00e4\u00df Telemediengesetz, sowie im Sinne des Presserechts:<br \/>Andreas Oberhauser<\/p>\t\t\t\t\t\t\t\t<\/div>\n\t\t\t\t<\/div>\n\t\t\t\t\t<\/div>\n\t\t<\/div>\n\t\t\t\t\t<\/div>\n\t\t<\/section>\n\t\t\t\t<\/div>\n\t\t","protected":false},"excerpt":{"rendered":"<p>Impressum ANGABEN GEM\u00c4\u00df \u00a7 5 TMG Oberhauser Bau-Systeme GmbH Rohrbach 1884494 Niederbergkirchen Tel.: +49 (0) 8635 69392- 0Fax: +49 (0) 8635 69392-20 E-mail: info(at)oberhauser-pv.de Amtsgericht TraunsteinHRB [ 19063 ]USt-Id. Nr. DE [266161576]Gesch\u00e4ftsf\u00fchrer: Andreas Oberhauser Verantwortlicher gem\u00e4\u00df Telemediengesetz, sowie im Sinne des Presserechts:Andreas Oberhauser<\/p>\n","protected":false},"author":1,"featured_media":0,"parent":0,"menu_order":0,"comment_status":"closed","ping_status":"closed","template":"elementor_header_footer","meta":{"footnotes":""},"hf_cat_page":[],"class_list":["post-546","page","type-page","status-publish","hentry"],"_links":{"self":[{"href":"https:\/\/www.oberhauser-pv.de\/en\/wp-json\/wp\/v2\/pages\/546","targetHints":{"allow":["GET"]}}],"collection":[{"href":"https:\/\/www.oberhauser-pv.de\/en\/wp-json\/wp\/v2\/pages"}],"about":[{"href":"https:\/\/www.oberhauser-pv.de\/en\/wp-json\/wp\/v2\/types\/page"}],"author":[{"embeddable":true,"href":"https:\/\/www.oberhauser-pv.de\/en\/wp-json\/wp\/v2\/users\/1"}],"replies":[{"embeddable":true,"href":"https:\/\/www.oberhauser-pv.de\/en\/wp-json\/wp\/v2\/comments?post=546"}],"version-history":[{"count":26,"href":"https:\/\/www.oberhauser-pv.de\/en\/wp-json\/wp\/v2\/pages\/546\/revisions"}],"predecessor-version":[{"id":3147,"href":"https:\/\/www.oberhauser-pv.de\/en\/wp-json\/wp\/v2\/pages\/546\/revisions\/3147"}],"wp:attachment":[{"href":"https:\/\/www.oberhauser-pv.de\/en\/wp-json\/wp\/v2\/media?parent=546"}],"wp:term":[{"taxonomy":"hf_cat_page","embeddable":true,"href":"https:\/\/www.oberhauser-pv.de\/en\/wp-json\/wp\/v2\/hf_cat_page?post=546"}],"curies":[{"name":"wp","href":"https:\/\/api.w.org\/{rel}","templated":true}]}}